{"id":14124,"date":"2023-12-07T17:33:10","date_gmt":"2023-12-07T17:33:10","guid":{"rendered":"https:\/\/bordoteknoloji.com.tr\/?post_type=product&#038;p=14124"},"modified":"2025-11-01T05:41:00","modified_gmt":"2025-11-01T05:41:00","slug":"wifi-duman-dedektoru-dumani-algilar-ve-alarm-anlik-bildirimleri-gonderir","status":"publish","type":"product","link":"https:\/\/bordoteknoloji.com.tr\/?product=wifi-duman-dedektoru-dumani-algilar-ve-alarm-anlik-bildirimleri-gonderir","title":{"rendered":"WiFi Duman Dedekt\u00f6r\u00fc Duman\u0131 Alg\u0131lar ve Alarm Anl\u0131k Bildirimleri G\u00f6nderir"},"content":{"rendered":"<div id=\"product_overview\" class=\"Detail_detail-img-wrapper__V2uKA\"><img decoding=\"async\" class=\"aligncenter\" src=\"https:\/\/images-txsh.tuyacn.com\/ecommerce\/164992940658206c2dc97.jpg?x-oss-process=image\/resize,w_1500&amp;x-oss-process=image\/format,webp\" \/><\/div>\n<div id=\"smart_features\" class=\"Detail_title-content__2wJlK\" style=\"text-align: center;\">\n<p class=\"Detail_title__3xhxA\">Katma De\u011ferli Hizmetler<\/p>\n<p class=\"Detail_detailContent__3R-wG\">Tuya, markalar\u0131n \u00fcr\u00fcn zekas\u0131n\u0131, sat\u0131\u015f zekas\u0131n\u0131 ve servis zekas\u0131n\u0131 h\u0131zl\u0131 bir \u015fekilde tamamlamalar\u0131na yard\u0131mc\u0131 olmak i\u00e7in bir dizi hizmet \u00f6zelli\u011fi sunuyor.<\/p>\n<\/div>\n<p style=\"text-align: center;\"><img decoding=\"async\" class=\"Detail_seriveImg__jsl-9\" src=\"https:\/\/static1.tuyaus.com\/static\/expo\/_next\/static\/img\/7de24525ed5e55fa029b.jpg\" \/><\/p>\n<div class=\"QRCodeExpo_wrap__362PR\" style=\"text-align: center;\">\n<div class=\"QRCodeExpo_title-content__Q-2mF\">\n<p class=\"QRCodeExpo_title__19OtQ\">\u00c7evrimi\u00e7i Kontrol Paneli<\/p>\n<p class=\"QRCodeExpo_detailContent__3cHrm\">Kontrol paneli \u00fcr\u00fcn i\u015flevlerini g\u00f6r\u00fcnt\u00fclemek ve y\u00fcr\u00fctmek i\u00e7in kullan\u0131l\u0131r.\u00a0Kullan\u0131c\u0131lar ak\u0131ll\u0131 cihazlar\u0131 panel \u00fczerinden uzaktan kontrol edebilirler.<\/p>\n<\/div>\n<div class=\"QRCodeExpo_try-online-wrapper__ZSuBU\">\n<div class=\"QRCodeExpo_left__2T6NY\"><img decoding=\"async\" src=\"https:\/\/images-txsh.tuyacn.com\/oceanus\/image\/d5b7ca9a-4bf3-5b15-b640-07bf33a5a1aa.png?x-oss-process=image\/resize,h_1590\/format,webp\" \/><\/div>\n<div class=\"QRCodeExpo_right__3ja9k\">\n<div class=\"QRCodeExpo_right-top__15hRu\">\n<div class=\"QRCodeExpo_p__El70F\">\n<p>Bu resim bir cep telefonu kontrol aray\u00fcz\u00fcn\u00fcn bir \u00f6rne\u011fidir.\u00a0Cep telefonunun bu \u00fcr\u00fcn\u00fc nas\u0131l kontrol etti\u011fini deneyimlemek istiyorsan\u0131z.<\/p>\n<p>QR kodunu taramak i\u00e7in l\u00fctfen &#8220;Smart Life&#8221; Uygulamas\u0131n\u0131 kullan\u0131n.<\/p>\n<\/div>\n<div class=\"QRCodeExpo_qrcode-wrapper__1AaT4\">\n<div class=\"QRCodeExpo_qrcodeBg__1JPRR\">\n<div class=\"QRCodeExpo_qrcode__2m04d\"><img decoding=\"async\" src=\"data:image\/png;base64,iVBORw0KGgoAAAANSUhEUgAAAQkAAAEJCAAAAACiA424AAAD4ElEQVR42u3dwXIaMRAEUP7\/p+1DTnYZ0T3SAinenhIHg\/a5SprtGVduX65\/1w0BCRIkSJAgQYIECRIkSJAgQYIECRL\/k8Tt8fXrdX99719vdfd16xXcXdWv76hWT4IECRLHJO5vsj8\/M11++tfU5O5y09WTIEGCxFmJ9TqClQfb9\/pd1qtaSwSKJEiQIPEkiaCejnfuc4U7CRIkSLyjxPqpP7Xrc4e0FidBggSJZ0oE\/1otMKjU14dKEs2+IKkhQYLEh0ukPbD3\/NMruoEkSJD4SIluPmm5mCBFqGrntAw\/NGdFggQJEmW1fauvCiv93mHYHBfpJEiQIHF0HjMdEw0Ug\/Chr+2Dgdats4MECRIkyno66N4Pc4yqwE9j3ZP5BAkSJEg8+ri0ZzU8GNKmf\/ridd09ODtIkCBBIqq2g7upPjidYF3fXDAXkK6UBAkSJDYl0syianWl40\/9jGpV2+93A0mQIEEif7ivCt5+vVX8OzzqSJAgQeICib4v1jf4k319OVMwBCRBggSJYxLVE371tfS+qlq8YiNBggSJJ0nsbO5Vi63SrmZUSZAgQeKYxLC8rmrs4CPTFlvQUyNBggSJSyWqxaTxQprP7vzSwLAVR4IECRJnq+3hVXXXtgPj6jGBBAkSJE5I9F+rguA+bQg+LfiJkiBBgsRZiaBO3qlwg\/er8tl+gosECRIkjknszAWkt97v9ekk1XTYgAQJEiTGZ0f6\/B\/ccFqVpyfVMJogQYIEiask1oVxX5oHicbwpOqzCBIkSJA4KzGcMw3uq5pRrZpjKTQJEiRIHJNIy+Yqx+3nEdLTqy\/SSZAgQeKYRNV3ClYZFMvBba7nB4ZFOgkSJEhcKlG9pFpRssPXR04aXJAgQYLE5pxV2g2rtvl02KAfJ0jjChIkSJA4JpEOM+0MjFYzpekRVuUnJEiQIHFCYr2sauy0ihyqtltqFz8NkCBBgsREYqdsTivmqqiuQuRpnEyCBAkS5\/\/Ho3RqvtrSqw2\/\/yEdSnRJkCBBIu82pRVzNXuVnh1BXNGHyCRIkCCxKVElEMPzpO\/8V6MD6f2TIEGCxKZEVYEHzbEq6q2aclVWMs22SZAgQSKfGqg292CBaYutYgvGE7aybRIkSJD4mrTXH7em0ix2OxJJj6tpokuCBAkSuUQ1YhqEr30GnCJURx0JEiRIvEaizxiqUGE7WI6HF0iQIEHiSonthlQVcAwT3XSWlQQJEiQ2JdKZgiAxqPr41cRplW2QIEGCxAUS6QN\/cEuBTtBiS0vzNJAgQYIEiRMSH3mRIEGCBAkSJEiQIEGCBAkSJEiQIEHiXa9vWWiPxlnAkFkAAAAASUVORK5CYII=\" \/><\/div>\n<p>Smart Life-Me-\u00dcst Sa\u011f K\u00f6\u015fe<\/p>\n<\/div>\n<p><img decoding=\"async\" class=\"QRCodeExpo_tip-img__13pS1\" src=\"https:\/\/expo.tuya.com\/_next\/static\/img\/6898462c30af86812c21.jpg\" \/><\/p>\n<\/div>\n<\/div>\n<div class=\"QRCodeExpo_right-bottom__127et\">\n<div class=\"QRCodeExpo_right-bottom-left__1Mpve\">\n<div class=\"QRCodeExpo_p__El70F\">Hen\u00fcz Smart Life&#8217;\u0131n\u0131z yok mu?<br \/>\n\u015eimdi \u0130ndirin.<\/div>\n<div class=\"QRCodeExpo_download__UgGGH\">\n<p><img decoding=\"async\" src=\"https:\/\/expo.tuya.com\/_next\/static\/img\/7765323312ca0fe5e2d8.png\" \/><\/p>\n<div class=\"QRCodeExpo_desc__BOCDq\">\n<p>Y\u00f6ntem 1<\/p>\n<p>\u0130ndirmek i\u00e7in Tara<\/p>\n<\/div>\n<\/div>\n<\/div>\n<div class=\"QRCodeExpo_p__El70F\">\n<div class=\"QRCodeExpo_store__dwaKn\">\n<p><img decoding=\"async\" src=\"https:\/\/expo.tuya.com\/_next\/static\/img\/0fca124c2d721031963a.png\" \/><\/p>\n<div class=\"QRCodeExpo_desc__BOCDq\">\n<p>Y\u00f6ntem 2<\/p>\n<p>\u0130ndirmek i\u00e7in App Store veya<br \/>\nAndroid App Store&#8217;da Smart Life&#8217;\u0131 aray\u0131n<\/p>\n<\/div>\n<\/div>\n<\/div>\n<\/div>\n<\/div>\n<\/div>\n<\/div>\n<div class=\"QRCodeExpo_wrap__362PR\">\n<div class=\"QRCodeExpo_title-content__Q-2mF\" style=\"text-align: center;\">\n<p class=\"QRCodeExpo_title__19OtQ\">Cihaz Panelini Yap\u0131land\u0131r<\/p>\n<p class=\"QRCodeExpo_detailContent__3cHrm\">OEM \u00fcr\u00fcnlerinden sonra, gerekti\u011fi gibi paneller tasarlayabilir ve geli\u015ftirebilirsiniz veya g\u00fczel ve kullan\u0131m\u0131 kolay panelleri yap\u0131land\u0131rmak i\u00e7in \u00e7ok say\u0131da \u00f6zel bile\u015fen kullanabilirsiniz.<\/p>\n<\/div>\n<div class=\"QRCodeExpo_del-panel__3-wd0\"><img decoding=\"async\" class=\"QRCodeExpo_del-panel-img__spLs7 aligncenter\" src=\"https:\/\/static1.tuyaus.com\/static\/expo\/_next\/static\/img\/319038def2726ab6d629.jpg\" \/><\/div>\n<\/div>\n","protected":false},"excerpt":{"rendered":"<p>Katma De\u011ferli Hizmetler Tuya, markalar\u0131n \u00fcr\u00fcn zekas\u0131n\u0131, sat\u0131\u015f zekas\u0131n\u0131 ve servis zekas\u0131n\u0131 h\u0131zl\u0131 bir \u015fekilde tamamlamalar\u0131na yard\u0131mc\u0131 olmak i\u00e7in bir dizi hizmet \u00f6zelli\u011fi sunuyor. \u00c7evrimi\u00e7i Kontrol Paneli Kontrol paneli \u00fcr\u00fcn i\u015flevlerini g\u00f6r\u00fcnt\u00fclemek ve y\u00fcr\u00fctmek i\u00e7in kullan\u0131l\u0131r.\u00a0Kullan\u0131c\u0131lar ak\u0131ll\u0131 cihazlar\u0131 panel \u00fczerinden uzaktan kontrol edebilirler. Bu resim bir cep telefonu kontrol aray\u00fcz\u00fcn\u00fcn bir \u00f6rne\u011fidir.\u00a0Cep telefonunun bu \u00fcr\u00fcn\u00fc [&hellip;]<\/p>\n","protected":false},"featured_media":14131,"comment_status":"open","ping_status":"closed","template":"","meta":[],"product_cat":[146],"product_tag":[],"class_list":{"0":"post-14124","1":"product","2":"type-product","3":"status-publish","4":"has-post-thumbnail","6":"product_cat-guvenlik-sistemleri","8":"first","9":"instock","10":"shipping-taxable","11":"product-type-simple"},"_links":{"self":[{"href":"https:\/\/bordoteknoloji.com.tr\/index.php?rest_route=\/wp\/v2\/product\/14124","targetHints":{"allow":["GET"]}}],"collection":[{"href":"https:\/\/bordoteknoloji.com.tr\/index.php?rest_route=\/wp\/v2\/product"}],"about":[{"href":"https:\/\/bordoteknoloji.com.tr\/index.php?rest_route=\/wp\/v2\/types\/product"}],"replies":[{"embeddable":true,"href":"https:\/\/bordoteknoloji.com.tr\/index.php?rest_route=%2Fwp%2Fv2%2Fcomments&post=14124"}],"version-history":[{"count":2,"href":"https:\/\/bordoteknoloji.com.tr\/index.php?rest_route=\/wp\/v2\/product\/14124\/revisions"}],"predecessor-version":[{"id":14129,"href":"https:\/\/bordoteknoloji.com.tr\/index.php?rest_route=\/wp\/v2\/product\/14124\/revisions\/14129"}],"wp:featuredmedia":[{"embeddable":true,"href":"https:\/\/bordoteknoloji.com.tr\/index.php?rest_route=\/wp\/v2\/media\/14131"}],"wp:attachment":[{"href":"https:\/\/bordoteknoloji.com.tr\/index.php?rest_route=%2Fwp%2Fv2%2Fmedia&parent=14124"}],"wp:term":[{"taxonomy":"product_cat","embeddable":true,"href":"https:\/\/bordoteknoloji.com.tr\/index.php?rest_route=%2Fwp%2Fv2%2Fproduct_cat&post=14124"},{"taxonomy":"product_tag","embeddable":true,"href":"https:\/\/bordoteknoloji.com.tr\/index.php?rest_route=%2Fwp%2Fv2%2Fproduct_tag&post=14124"}],"curies":[{"name":"wp","href":"https:\/\/api.w.org\/{rel}","templated":true}]}}