{"id":13883,"date":"2023-10-08T17:53:46","date_gmt":"2023-10-08T17:53:46","guid":{"rendered":"https:\/\/bordoteknoloji.com.tr\/?post_type=product&#038;p=13883"},"modified":"2023-11-18T14:44:44","modified_gmt":"2023-11-18T14:44:44","slug":"tuya-wifi-akilli-devre-kesici-ile-olcum","status":"publish","type":"product","link":"https:\/\/bordoteknoloji.com.tr\/?product=tuya-wifi-akilli-devre-kesici-ile-olcum","title":{"rendered":"Tuya WiFi Ak\u0131ll\u0131 Devre Kesici \u0130le \u00d6l\u00e7\u00fcm"},"content":{"rendered":"<div id=\"nav-description\">\n<div class=\"title--wrap--wDzGayX description--title--ZsqjrTd\">\n<div class=\"title--text--Lx66GPw\">\n<h1 class=\"title--title--RN9Pt03\" style=\"text-align: center;\"><strong>Genel Bak\u0131\u015f<\/strong><\/h1>\n<\/div>\n<\/div>\n<div style=\"text-align: center;\">\n<div class=\"extend--content--DlnAngg\">\n<div>\n<div id=\"product-description\" class=\"description--product-description--nxRv0lW\" data-spm=\"1000023\" data-pl=\"product-description\">\n<div class=\"description--origin-part--SsZJoGC\">\n<div class=\"detailmodule_html\">\n<div class=\"detail-desc-decorate-richtext\">\n<p>&nbsp;<\/p>\n<p class=\"special_title\" align=\"center\"><strong>Tuya WiFi ak\u0131ll\u0131 devre kesici ile \u00f6l\u00e7\u00fcm 1P 63A DIN ray ak\u0131ll\u0131 ya\u015fam kontrol\u00fc Alexa Google ev Yandex Alice ile \u00e7al\u0131\u015fmak<\/strong><\/p>\n<p><strong>Tuya WiFi ak\u0131ll\u0131 devre kesici anahtar\u0131 g\u00fc\u00e7 \u00f6l\u00e7\u00fcm\u00fc ile 1P 63A DIN demiryolu ak\u0131ll\u0131 ya\u015fam ile \u00e7al\u0131\u015fmak Alexa Google ev Yandex Alice<\/strong><\/p>\n<p><strong><span id=\"tl_3\">A\u00e7\u0131klama:<br \/>\n<\/span><\/strong><\/p>\n<p><strong><span id=\"tl_4\">Kablolama: g\u00fc\u00e7 \u00fcstten girmeli ve canl\u0131 hat n\u00f6tr hatt\u0131 (L N) olmal\u0131d\u0131r. Canl\u0131 \u00e7izgi canl\u0131 \u00e7izgi (L L) kullan\u0131lamaz.<\/span><\/strong><\/p>\n<p><strong><span id=\"tl_5\">Sadece siyah d\u00fc\u011fme s\u00fcr\u00fcm\u00fc \u00f6l\u00e7\u00fcm fonksiyonuna sahipken, mavi d\u00fc\u011fme s\u00fcr\u00fcm\u00fc \u00f6l\u00e7\u00fcm fonksiyonuna sahip de\u011fildir!<\/span><\/strong><\/p>\n<p>&nbsp;<\/p>\n<p><strong><span id=\"tl_6\">\u00d6l\u00e7\u00fcm s\u00fcr\u00fcm\u00fc (siyah d\u00fc\u011fme versiyonu) ile \u00f6zellikli fonksiyonlar: g\u00fc\u00e7 \u00f6l\u00e7\u00fcm\u00fc, 1-63A ayarlanabilir, alarm ve koruma ayarlar\u0131: s\u0131cakl\u0131k (40-150 \u2103), a\u015f\u0131r\u0131 ak\u0131m (1-63A), a\u015f\u0131r\u0131 gerilim (220-265V), d\u00fc\u015f\u00fck voltaj (76-240V), kullan\u0131m g\u00fcnl\u00fckleri (anahtar g\u00fcnl\u00fckleri, alarm g\u00fcnl\u00fckleri, ayar g\u00fcnl\u00fckleri)<\/span><\/strong><\/p>\n<p>&nbsp;<\/p>\n<p><strong><span id=\"tl_7\">\u00d6l\u00e7\u00fcm s\u00fcr\u00fcm\u00fc (mavi d\u00fc\u011fme s\u00fcr\u00fcm\u00fc) olmadan \u00f6zellikler: Alarm ve koruma: s\u0131cakl\u0131k (fabrika varsay\u0131lan 80 \u2103, ayarlanamaz), kullan\u0131m g\u00fcnl\u00fc\u011f\u00fc (anahtar g\u00fcnl\u00fc\u011f\u00fc, ayar g\u00fcnl\u00fc\u011f\u00fc)<\/span><\/strong><\/p>\n<p>&nbsp;<\/p>\n<p><strong><span id=\"tl_8\">Temel fonksiyonlar: APP uzaktan kumanda, ses kontrol\u00fc, durum geri bildirimi, zamanlama, geri say\u0131m, elektrik kesintisi belle\u011fi, ev payla\u015f\u0131m\u0131, grup fonksiyonu<\/span><\/strong><\/p>\n<p>&nbsp;<\/p>\n<p>&nbsp;<\/p>\n<p>&nbsp;<\/p>\n<p><strong><span id=\"tl_9\">\u00d6zellikler:<br \/>\n<\/span><\/strong><\/p>\n<p><strong><span id=\"tl_10\">\u00c7al\u0131\u015fma gerilimi: 100-240V AC<\/span><\/strong><\/p>\n<p><strong><span id=\"tl_11\">Anma ak\u0131m\u0131: 10A\/16A\/25A\/32A\/40A\/50A\/63A\/1-63A ayarlanabilir (iste\u011fe ba\u011fl\u0131)<\/span><\/strong><\/p>\n<p><strong><span id=\"tl_12\">Koruma direkleri say\u0131s\u0131: 1P N (N kutup s\u00fcrekli a\u00e7\u0131k)<\/span><\/strong><\/p>\n<p><strong><span id=\"tl_13\">Kontrol y\u00f6ntemi: manuel\/uzaktan APP<\/span><\/strong><\/p>\n<p><strong><span id=\"tl_14\">\u0130leti\u015fim protokol\u00fc: WIFI<\/span><\/strong><\/p>\n<p><strong><span id=\"tl_15\">Kablosuz standart: Wi Fi IEEE802.11 b\/g\/n 2.4GHz<\/span><\/strong><\/p>\n<p><strong><span id=\"tl_16\">G\u00fcvenlik mekanizmas\u0131: WPA PSK\/WPA2 PSK<\/span><\/strong><\/p>\n<p><strong><span id=\"tl_17\">APP platformu: &#8220;ak\u0131ll\u0131 ya\u015fam&#8221; APP, &#8220;tuya smart&#8221; APP<\/span><\/strong><\/p>\n<p><strong><span id=\"tl_18\">Destek sesli hoparl\u00f6rler: Amazon Alexa, Google ev, Yandex Alice, Tmall Genie, Xiaodu, vb<\/span><\/strong><\/p>\n<p>&nbsp;<\/p>\n<p><strong><span id=\"tl_19\">Paket i\u00e7eri\u011fi:<br \/>\n<\/span><\/strong><\/p>\n<p><strong><span id=\"tl_20\">Ak\u0131ll\u0131 devre kesici * 1, kullan\u0131m k\u0131lavuzu * 1<\/span><\/strong><\/p>\n<p><strong><span id=\"tl_21\">Notlar:<br \/>\n<\/span><\/strong><\/p>\n<p><strong><span id=\"tl_22\">Kablolama: g\u00fc\u00e7 \u00fcstten girmeli ve canl\u0131 hat n\u00f6tr hatt\u0131 (L N) olmal\u0131d\u0131r. Canl\u0131 \u00e7izgi canl\u0131 \u00e7izgi (L L) kullan\u0131lamaz.<\/span><\/strong><\/p>\n<p><strong><span id=\"tl_23\">Sadece siyah d\u00fc\u011fme s\u00fcr\u00fcm\u00fc \u00f6l\u00e7\u00fcm fonksiyonuna sahipken, mavi d\u00fc\u011fme s\u00fcr\u00fcm\u00fc \u00f6l\u00e7\u00fcm fonksiyonuna sahip de\u011fildir!<\/span><\/strong><\/p>\n<p>&nbsp;<\/p>\n<p align=\"center\"><strong><img decoding=\"async\" class=\"web_desc_img\" src=\"https:\/\/ae01.alicdn.com\/kf\/Sb7ad1b3d9a6440d2b98cd2ddea5173daH.jpg\" \/><img decoding=\"async\" class=\"web_desc_img\" src=\"https:\/\/ae01.alicdn.com\/kf\/S7c2a359d33de4ddcb8f9c544ee9d7b683.jpg\" \/><img decoding=\"async\" class=\"web_desc_img\" src=\"https:\/\/ae01.alicdn.com\/kf\/S2b158d350db84e6daebb080e40d45027D.jpg\" \/><img decoding=\"async\" class=\"web_desc_img\" src=\"https:\/\/ae01.alicdn.com\/kf\/Sc86a5ded67e84b0da4046d5385795b78O.jpg\" \/><img decoding=\"async\" class=\"web_desc_img\" src=\"https:\/\/ae01.alicdn.com\/kf\/S138246b94d0c4e4491fe474fa7409fdcK.jpg\" \/><img decoding=\"async\" class=\"web_desc_img\" src=\"https:\/\/ae01.alicdn.com\/kf\/S84dbc6b5e2804504a82b7abe8899845b6.jpg\" \/><img decoding=\"async\" class=\"web_desc_img\" src=\"https:\/\/ae01.alicdn.com\/kf\/S8cbdf35b289c4dd2aa02bb3e2bfd649cE.jpg\" \/><img decoding=\"async\" class=\"web_desc_img\" src=\"https:\/\/ae01.alicdn.com\/kf\/Sc44dc74e1ae7437a8200517c621755e01.jpg\" \/><img decoding=\"async\" class=\"web_desc_img\" src=\"https:\/\/ae01.alicdn.com\/kf\/S02e1ed531bfb48c9acab3ca99583c49aq.jpg\" \/><img decoding=\"async\" class=\"web_desc_img\" src=\"https:\/\/ae01.alicdn.com\/kf\/Sb03d89c9afd9496eac687de25452f1897.jpg\" \/><img decoding=\"async\" class=\"web_desc_img\" src=\"https:\/\/ae01.alicdn.com\/kf\/Sefb7e517c56540488cce7022bdb52aaaM.jpg\" \/><img decoding=\"async\" class=\"web_desc_img\" src=\"https:\/\/ae01.alicdn.com\/kf\/S636c82fc14144613b3d88246d685d706r.jpg\" \/><img decoding=\"async\" class=\"web_desc_img\" src=\"https:\/\/ae01.alicdn.com\/kf\/S37cfa46deb5341d29537c5ce0e740ca8F.jpg\" \/><img decoding=\"async\" class=\"web_desc_img\" src=\"https:\/\/ae01.alicdn.com\/kf\/Sb79a45f3f01d496e9587556914d057e7K.jpg\" \/><img decoding=\"async\" class=\"web_desc_img\" src=\"https:\/\/ae01.alicdn.com\/kf\/Sf37780c191064fd78ee6214219af76e5J.jpg\" \/><img decoding=\"async\" class=\"web_desc_img\" src=\"https:\/\/ae01.alicdn.com\/kf\/Sc63432e004b649028408e30855fbbf59H.jpg\" \/><img decoding=\"async\" class=\"web_desc_img\" src=\"https:\/\/ae01.alicdn.com\/kf\/S42bdcd878e2142339d11fdc5e9da632bE.jpg\" \/><img decoding=\"async\" class=\"web_desc_img\" src=\"https:\/\/ae01.alicdn.com\/kf\/Sd2bc7c21ff1c43a7829c3cbeb8128fe7C.jpg\" \/><img decoding=\"async\" class=\"web_desc_img\" src=\"https:\/\/ae01.alicdn.com\/kf\/Sba6b9fb268e740d3815965ab941035235.jpg\" \/><img decoding=\"async\" class=\"web_desc_img\" src=\"https:\/\/ae01.alicdn.com\/kf\/S9e61ae3e8519441ca48395c548a625a3g.jpg\" \/><\/strong><\/p>\n<p>&nbsp;<\/p>\n<\/div>\n<\/div>\n<\/div>\n<\/div>\n<p><iframe class=\"extend--iframe--ZW0B1OE\" data-spm-anchor-id=\"a2g0o.detail.0.i3.4235RGMFRGMFIV\" data-spm-act-id=\"a2g0o.detail.0.i3.4235RGMFRGMFIV\" data-mce-fragment=\"1\"><\/iframe><\/p>\n<\/div>\n<\/div>\n<\/div>\n<\/div>\n","protected":false},"excerpt":{"rendered":"<p>Genel Bak\u0131\u015f &nbsp; Tuya WiFi ak\u0131ll\u0131 devre kesici ile \u00f6l\u00e7\u00fcm 1P 63A DIN ray ak\u0131ll\u0131 ya\u015fam kontrol\u00fc Alexa Google ev Yandex Alice ile \u00e7al\u0131\u015fmak Tuya WiFi ak\u0131ll\u0131 devre kesici anahtar\u0131 g\u00fc\u00e7 \u00f6l\u00e7\u00fcm\u00fc ile 1P 63A DIN demiryolu ak\u0131ll\u0131 ya\u015fam ile \u00e7al\u0131\u015fmak Alexa Google ev Yandex Alice A\u00e7\u0131klama: Kablolama: g\u00fc\u00e7 \u00fcstten girmeli ve canl\u0131 hat n\u00f6tr [&hellip;]<\/p>\n","protected":false},"featured_media":13909,"comment_status":"open","ping_status":"closed","template":"","meta":[],"product_cat":[144,146,145],"product_tag":[143],"class_list":{"0":"post-13883","1":"product","2":"type-product","3":"status-publish","4":"has-post-thumbnail","6":"product_cat-akilli-ev-sistemleri","7":"product_cat-guvenlik-sistemleri","8":"product_cat-ses-ve-goruntu-sistemleri","9":"product_tag-akilli-devre-kesici","11":"first","12":"instock","13":"shipping-taxable","14":"product-type-simple"},"_links":{"self":[{"href":"https:\/\/bordoteknoloji.com.tr\/index.php?rest_route=\/wp\/v2\/product\/13883","targetHints":{"allow":["GET"]}}],"collection":[{"href":"https:\/\/bordoteknoloji.com.tr\/index.php?rest_route=\/wp\/v2\/product"}],"about":[{"href":"https:\/\/bordoteknoloji.com.tr\/index.php?rest_route=\/wp\/v2\/types\/product"}],"replies":[{"embeddable":true,"href":"https:\/\/bordoteknoloji.com.tr\/index.php?rest_route=%2Fwp%2Fv2%2Fcomments&post=13883"}],"version-history":[{"count":0,"href":"https:\/\/bordoteknoloji.com.tr\/index.php?rest_route=\/wp\/v2\/product\/13883\/revisions"}],"wp:featuredmedia":[{"embeddable":true,"href":"https:\/\/bordoteknoloji.com.tr\/index.php?rest_route=\/wp\/v2\/media\/13909"}],"wp:attachment":[{"href":"https:\/\/bordoteknoloji.com.tr\/index.php?rest_route=%2Fwp%2Fv2%2Fmedia&parent=13883"}],"wp:term":[{"taxonomy":"product_cat","embeddable":true,"href":"https:\/\/bordoteknoloji.com.tr\/index.php?rest_route=%2Fwp%2Fv2%2Fproduct_cat&post=13883"},{"taxonomy":"product_tag","embeddable":true,"href":"https:\/\/bordoteknoloji.com.tr\/index.php?rest_route=%2Fwp%2Fv2%2Fproduct_tag&post=13883"}],"curies":[{"name":"wp","href":"https:\/\/api.w.org\/{rel}","templated":true}]}}