{"id":13877,"date":"2023-10-08T17:43:17","date_gmt":"2023-10-08T17:43:17","guid":{"rendered":"https:\/\/bordoteknoloji.com.tr\/?post_type=product&#038;p=13877"},"modified":"2025-09-25T20:10:17","modified_gmt":"2025-09-25T20:10:17","slug":"tuya-akilli-wifi-isik-duvar-anahtari","status":"publish","type":"product","link":"https:\/\/bordoteknoloji.com.tr\/?product=tuya-akilli-wifi-isik-duvar-anahtari","title":{"rendered":"Tuya Ak\u0131ll\u0131 WiFi I\u015f\u0131k Duvar Anahtar\u0131"},"content":{"rendered":"<p class=\"special_title\" align=\"center\" data-spm-anchor-id=\"a2g0o.detail.1000023.i1.36271bafUYPsBj\"><strong><img fetchpriority=\"high\" decoding=\"async\" class=\"aligncenter\" src=\"https:\/\/ae01.alicdn.com\/kf\/Sbe395b646e434beda6376a504bab4fa1K.jpg\" alt=\"\" width=\"800\" height=\"800\" data-spm-anchor-id=\"a2g0o.detail.1000023.i0.36271bafUYPsBj\" \/><\/strong><\/p>\n<p class=\"special_title\" style=\"text-align: center;\" align=\"center\"><strong>Boyutu: 120*72*34mm (abd),86*86*34mm (ab)<\/strong><\/p>\n<p style=\"text-align: center;\"><strong>A\u00e7\u0131klama:<\/strong><\/p>\n<p style=\"text-align: center;\"><strong>\u3010\u0130ki kablolama y\u00f6ntemi: n\u00f6tr sistemi ve n\u00f6tr sistemi destekleyin. N\u00f6tr sistemi destekleyin, tek yang\u0131n sistemini destekleyin, ancak n\u00f6tr sistemi kulland\u0131\u011f\u0131n\u0131zda bir kapasit\u00f6re ihtiyac\u0131n\u0131z var. (kondansat\u00f6r dahildir.)<\/strong><\/p>\n<p style=\"text-align: center;\"><strong>\u3010 Wi-Fi do\u011frudan ba\u011flant\u0131\u3011 hi\u00e7bir a\u011f ge\u00e7idi hub gereklidir, sadece y\u00fckleyin ve kullan\u0131n. Do\u011frudan internete ba\u011flan\u0131n, ak\u0131ll\u0131 hayat\u0131 ger\u00e7ekle\u015ftirmek i\u00e7in cep telefonunuzla kontrol edebilirsiniz. (Ihtiya\u00e7 2.4GHZ)<\/strong><\/p>\n<p style=\"text-align: center;\"><strong>\u3010APP uzaktan kumanda\u3011 Tuya veya ak\u0131ll\u0131 ya\u015fam uygulamas\u0131, anahtar\u0131 a\u00e7\u0131k ve kapal\u0131 olarak uzaktan kontrol etmek i\u00e7in kullan\u0131labilir. Anahtarlar\u0131n a\u00e7\u0131k veya kapal\u0131 durumunu uygulamadan g\u00f6rebilir ve evden uzakta oldu\u011funuzda kontrol edebilirsiniz.<\/strong><\/p>\n<p style=\"text-align: center;\"><strong>Di\u011fer ak\u0131ll\u0131 cihazlarla \u3010Link \u3011 birlikte uygun bir ak\u0131ll\u0131 ya\u015fam ger\u00e7ekle\u015ftirmek i\u00e7in di\u011fer ak\u0131ll\u0131 cihazlara ba\u011flanabilir. Eve gider gitmez \u0131\u015f\u0131\u011f\u0131 otomatik olarak a\u00e7mak i\u00e7in bir ev modu olu\u015fturulabilir ve di\u011fer ak\u0131ll\u0131 cihazlarla ba\u011flanabilir.<\/strong><\/p>\n<p style=\"text-align: center;\"><strong>\u3010Support ses hoparl\u00f6r\u00fc kontrol\u00fc\u3011 anahtar, Alexa ve Google ev asistan\u0131 ile uyumludur ve a\u00e7ma\/kapama i\u00e7in ses kontrol\u00fc ak\u0131ll\u0131 anahtar\u0131n\u0131 kullanman\u0131za izin verir.<\/strong><\/p>\n<p style=\"text-align: center;\"><strong>\u3010Timing\u3011 ak\u0131ll\u0131 anahtar, zamanlay\u0131c\u0131 fonksiyonu arac\u0131l\u0131\u011f\u0131yla belirli bir zamanda otomatik olarak a\u00e7\u0131l\u0131r ve kapan\u0131r. Uyanmak istedi\u011finiz zaman\u0131 se\u00e7in, \u0131\u015f\u0131\u011f\u0131 otomatik olarak a\u00e7\u0131n, b\u00f6ylece g\u00fcn\u00fc kolayca girebilirsiniz; I\u015f\u0131\u011f\u0131 kapatmak istedi\u011finiz zaman\u0131 se\u00e7in.<\/strong><\/p>\n<p style=\"text-align: center;\"><strong>\u3010Share\u3011 kontrol anahtar\u0131 aile \u00fcyeleri ile payla\u015f\u0131labilir.<\/strong><\/p>\n<p style=\"text-align: center;\"><strong>\u3010Hassas dokunmatik kontrol\u3011 bu ak\u0131ll\u0131 anahtar\u0131n temperli cam dokunmatik ekran\u0131, kontrol\u00fcn dokunu\u015funa duyarl\u0131d\u0131r, premium dayan\u0131kl\u0131 cam malzeme, titiz testlerimizle 20 milyona kadar dokunmatik rakam sa\u011flar. Su ge\u00e7irmez, nemli ge\u00e7irmez, \u00e7iziklere kar\u015f\u0131 dayan\u0131kl\u0131d\u0131r.<\/strong><\/p>\n<p style=\"text-align: center;\"><strong>\u3010Kolay ayar up\u3011 kullan\u0131m k\u0131lavuzu QR kodunu taray\u0131n ak\u0131ll\u0131 ya\u015fam\/TUYA uygulamas\u0131n\u0131 indirin, veya App store&#8217;dan veya Google Play store&#8217;dan indirin ve \u0131\u015f\u0131k anahtar\u0131n\u0131z\u0131 bulmak i\u00e7in mobil cihaz\u0131n\u0131z\u0131 2.4 GHz Wi-Fi a\u011f\u0131n\u0131za ba\u011flay\u0131n, sonra \u0131\u015f\u0131klar\u0131 a\u00e7abilir veya di\u011fer elektrikli cihazlar\u0131 kolayl\u0131kla kontrol edebilirsiniz.<\/strong><\/p>\n<p style=\"text-align: center;\"><strong>\u00d6zellikler:<\/strong><\/p>\n<p style=\"text-align: center;\"><strong>1. Anma gerilimi: 110-240V,50-60HzRF<\/strong><\/p>\n<p style=\"text-align: center;\"><strong>2. Y\u00fck g\u00fcc\u00fc: 600W\/Gang<\/strong><\/p>\n<p style=\"text-align: center;\"><strong>3. Maksimum ak\u0131m: 10A<\/strong><\/p>\n<p style=\"text-align: center;\"><strong>4. Temperli cam<\/strong><\/p>\n<p style=\"text-align: center;\"><strong>5. N\u00f6tr sistemi ve n\u00f6tr sistemi destekleyin.<\/strong><\/p>\n<p style=\"text-align: center;\"><strong>6. Geceleri zay\u0131f \u0131\u015f\u0131k tasar\u0131m\u0131 geri kalan\u0131n\u0131 rahats\u0131z etmez<\/strong><\/p>\n<p style=\"text-align: center;\"><strong>7. Her anahtar farkl\u0131d\u0131r, farkl\u0131 \u0131\u015f\u0131klar\u0131 ay\u0131rt edebilirsiniz<\/strong><\/p>\n<p style=\"text-align: center;\"><strong>8.app: ak\u0131ll\u0131 ya\u015fam, TUYA<\/strong><\/p>\n<p style=\"text-align: center;\"><strong>9. Dokunmatik temperli WIFI anahtar\u0131<\/strong><\/p>\n<p style=\"text-align: center;\"><strong>10. Anti-damla, \u00e7izilmez, \u0131slak eller<\/strong><\/p>\n<p style=\"text-align: center;\"><strong>Paket i\u00e7eri\u011fi:<\/strong><\/p>\n<p style=\"text-align: center;\"><strong>1 * anahtar\u0131, 1 * manuel, 1 * kapasit\u00f6r, 1 * montaj vida paketi<\/strong><\/p>\n<p style=\"text-align: center;\"><strong>Notlar:<\/strong><\/p>\n<p style=\"text-align: center;\"><strong>1. \u00c7o\u011fu \u0131\u015f\u0131klar\u0131 destekleyin. L1. i\u00e7in 5W \u00fczerinde LED \u0131\u015f\u0131klar\u0131 kullanman\u0131z\u0131 \u00f6neririz. K\u0131s\u0131labilir \u0131\u015f\u0131klar desteklenmez.<\/strong><\/p>\n<p style=\"text-align: center;\"><strong>2. Kondansat\u00f6r, anahtar\u0131n arkas\u0131nda de\u011fil, L1 lambas\u0131n\u0131n L ve n&#8217;sine s\u0131k\u0131ca ba\u011flanmal\u0131d\u0131r.<\/strong><\/p>\n","protected":false},"excerpt":{"rendered":"<p>Boyutu: 120*72*34mm (abd),86*86*34mm (ab) A\u00e7\u0131klama: \u3010\u0130ki kablolama y\u00f6ntemi: n\u00f6tr sistemi ve n\u00f6tr sistemi destekleyin. N\u00f6tr sistemi destekleyin, tek yang\u0131n sistemini destekleyin, ancak n\u00f6tr sistemi kulland\u0131\u011f\u0131n\u0131zda bir kapasit\u00f6re ihtiyac\u0131n\u0131z var. (kondansat\u00f6r dahildir.) \u3010 Wi-Fi do\u011frudan ba\u011flant\u0131\u3011 hi\u00e7bir a\u011f ge\u00e7idi hub gereklidir, sadece y\u00fckleyin ve kullan\u0131n. Do\u011frudan internete ba\u011flan\u0131n, ak\u0131ll\u0131 hayat\u0131 ger\u00e7ekle\u015ftirmek i\u00e7in cep telefonunuzla kontrol edebilirsiniz. [&hellip;]<\/p>\n","protected":false},"featured_media":13912,"comment_status":"open","ping_status":"closed","template":"","meta":[],"product_cat":[144,146,145],"product_tag":[142],"class_list":{"0":"post-13877","1":"product","2":"type-product","3":"status-publish","4":"has-post-thumbnail","6":"product_cat-akilli-ev-sistemleri","7":"product_cat-guvenlik-sistemleri","8":"product_cat-ses-ve-goruntu-sistemleri","9":"product_tag-akilli-duvar-anahtari","11":"first","12":"instock","13":"shipping-taxable","14":"product-type-simple"},"_links":{"self":[{"href":"https:\/\/bordoteknoloji.com.tr\/index.php?rest_route=\/wp\/v2\/product\/13877","targetHints":{"allow":["GET"]}}],"collection":[{"href":"https:\/\/bordoteknoloji.com.tr\/index.php?rest_route=\/wp\/v2\/product"}],"about":[{"href":"https:\/\/bordoteknoloji.com.tr\/index.php?rest_route=\/wp\/v2\/types\/product"}],"replies":[{"embeddable":true,"href":"https:\/\/bordoteknoloji.com.tr\/index.php?rest_route=%2Fwp%2Fv2%2Fcomments&post=13877"}],"version-history":[{"count":0,"href":"https:\/\/bordoteknoloji.com.tr\/index.php?rest_route=\/wp\/v2\/product\/13877\/revisions"}],"wp:featuredmedia":[{"embeddable":true,"href":"https:\/\/bordoteknoloji.com.tr\/index.php?rest_route=\/wp\/v2\/media\/13912"}],"wp:attachment":[{"href":"https:\/\/bordoteknoloji.com.tr\/index.php?rest_route=%2Fwp%2Fv2%2Fmedia&parent=13877"}],"wp:term":[{"taxonomy":"product_cat","embeddable":true,"href":"https:\/\/bordoteknoloji.com.tr\/index.php?rest_route=%2Fwp%2Fv2%2Fproduct_cat&post=13877"},{"taxonomy":"product_tag","embeddable":true,"href":"https:\/\/bordoteknoloji.com.tr\/index.php?rest_route=%2Fwp%2Fv2%2Fproduct_tag&post=13877"}],"curies":[{"name":"wp","href":"https:\/\/api.w.org\/{rel}","templated":true}]}}