{"id":13868,"date":"2023-10-08T06:11:50","date_gmt":"2023-10-08T06:11:50","guid":{"rendered":"https:\/\/bordoteknoloji.com.tr\/?post_type=product&#038;p=13868"},"modified":"2026-03-28T21:01:29","modified_gmt":"2026-03-28T21:01:29","slug":"intercomvillakit","status":"publish","type":"product","link":"https:\/\/bordoteknoloji.com.tr\/?product=intercomvillakit","title":{"rendered":"INTERCOM VILLA KIT"},"content":{"rendered":"<p style=\"text-align: center;\">.<\/p>\n<h2 class=\"unf-sell-title\" style=\"text-align: center;\">\u00dcr\u00fcn Detaylar\u0131<\/h2>\n<h3 class=\"unf-sell-sub-title\" style=\"text-align: center;\">Tuya Ak\u0131ll\u0131 Ev G\u00f6r\u00fcnt\u00fcl\u00fc \u0130nterkom Sistemi 7 \u0130n\u00e7 Dokunmatik Ekran WiFi Kap\u0131 Giri\u015fi<\/h3>\n<div class=\"unf-info-desc\"><img fetchpriority=\"high\" decoding=\"async\" class=\"aligncenter size-full wp-image-13874\" src=\"http:\/\/bordoteknoloji.com.tr\/wp-content\/uploads\/2023\/10\/villakit.png\" alt=\"\" width=\"913\" height=\"2048\" \/><\/div>\n","protected":false},"excerpt":{"rendered":"<p>. \u00dcr\u00fcn Detaylar\u0131 Tuya Ak\u0131ll\u0131 Ev G\u00f6r\u00fcnt\u00fcl\u00fc \u0130nterkom Sistemi 7 \u0130n\u00e7 Dokunmatik Ekran WiFi Kap\u0131 Giri\u015fi<\/p>\n","protected":false},"featured_media":13872,"comment_status":"open","ping_status":"closed","template":"","meta":[],"product_cat":[144,146,145],"product_tag":[152,150,149,147,148,151,153],"class_list":{"0":"post-13868","1":"product","2":"type-product","3":"status-publish","4":"has-post-thumbnail","6":"product_cat-akilli-ev-sistemleri","7":"product_cat-guvenlik-sistemleri","8":"product_cat-ses-ve-goruntu-sistemleri","9":"product_tag-akilli-ev","10":"product_tag-akilli-ev-sistemleri","11":"product_tag-guvenlik-sistemleri","12":"product_tag-intercom","13":"product_tag-intercom-villa-kit","14":"product_tag-ses-ve-goruntu-sistemleri","15":"product_tag-smart-home","17":"first","18":"instock","19":"shipping-taxable","20":"product-type-simple"},"_links":{"self":[{"href":"https:\/\/bordoteknoloji.com.tr\/index.php?rest_route=\/wp\/v2\/product\/13868","targetHints":{"allow":["GET"]}}],"collection":[{"href":"https:\/\/bordoteknoloji.com.tr\/index.php?rest_route=\/wp\/v2\/product"}],"about":[{"href":"https:\/\/bordoteknoloji.com.tr\/index.php?rest_route=\/wp\/v2\/types\/product"}],"replies":[{"embeddable":true,"href":"https:\/\/bordoteknoloji.com.tr\/index.php?rest_route=%2Fwp%2Fv2%2Fcomments&post=13868"}],"version-history":[{"count":0,"href":"https:\/\/bordoteknoloji.com.tr\/index.php?rest_route=\/wp\/v2\/product\/13868\/revisions"}],"wp:featuredmedia":[{"embeddable":true,"href":"https:\/\/bordoteknoloji.com.tr\/index.php?rest_route=\/wp\/v2\/media\/13872"}],"wp:attachment":[{"href":"https:\/\/bordoteknoloji.com.tr\/index.php?rest_route=%2Fwp%2Fv2%2Fmedia&parent=13868"}],"wp:term":[{"taxonomy":"product_cat","embeddable":true,"href":"https:\/\/bordoteknoloji.com.tr\/index.php?rest_route=%2Fwp%2Fv2%2Fproduct_cat&post=13868"},{"taxonomy":"product_tag","embeddable":true,"href":"https:\/\/bordoteknoloji.com.tr\/index.php?rest_route=%2Fwp%2Fv2%2Fproduct_tag&post=13868"}],"curies":[{"name":"wp","href":"https:\/\/api.w.org\/{rel}","templated":true}]}}